{"id":366,"date":"2023-06-03T18:40:53","date_gmt":"2023-06-03T16:40:53","guid":{"rendered":"https:\/\/osservatorioastronomicosirio.it\/new\/?page_id=366"},"modified":"2023-06-03T19:01:22","modified_gmt":"2023-06-03T17:01:22","slug":"simulazioni","status":"publish","type":"page","link":"https:\/\/osservatorioastronomicosirio.it\/new\/simulazioni\/","title":{"rendered":"Simulazioni"},"content":{"rendered":"\t\t<div data-elementor-type=\"wp-page\" data-elementor-id=\"366\" class=\"elementor elementor-366\">\n\t\t\t\t\t\t\t\t\t<section class=\"elementor-section elementor-top-section elementor-element elementor-element-1d0ce1c elementor-section-boxed elementor-section-height-default elementor-section-height-default\" data-id=\"1d0ce1c\" data-element_type=\"section\">\n\t\t\t\t\t\t<div class=\"elementor-container elementor-column-gap-default\">\n\t\t\t\t\t<div class=\"elementor-column elementor-col-100 elementor-top-column elementor-element elementor-element-b8dfb01\" data-id=\"b8dfb01\" data-element_type=\"column\">\n\t\t\t<div class=\"elementor-widget-wrap elementor-element-populated\">\n\t\t\t\t\t\t\t\t<div class=\"elementor-element elementor-element-569a588 elementor-widget elementor-widget-spacer\" data-id=\"569a588\" data-element_type=\"widget\" data-widget_type=\"spacer.default\">\n\t\t\t\t<div class=\"elementor-widget-container\">\n\t\t\t<style>\/*! elementor - v3.13.2 - 11-05-2023 *\/\n.elementor-column .elementor-spacer-inner{height:var(--spacer-size)}.e-con{--container-widget-width:100%}.e-con-inner>.elementor-widget-spacer,.e-con>.elementor-widget-spacer{width:var(--container-widget-width,var(--spacer-size));--align-self:var(--container-widget-align-self,initial);--flex-shrink:0}.e-con-inner>.elementor-widget-spacer>.elementor-widget-container,.e-con-inner>.elementor-widget-spacer>.elementor-widget-container>.elementor-spacer,.e-con>.elementor-widget-spacer>.elementor-widget-container,.e-con>.elementor-widget-spacer>.elementor-widget-container>.elementor-spacer{height:100%}.e-con-inner>.elementor-widget-spacer>.elementor-widget-container>.elementor-spacer>.elementor-spacer-inner,.e-con>.elementor-widget-spacer>.elementor-widget-container>.elementor-spacer>.elementor-spacer-inner{height:var(--container-widget-height,var(--spacer-size))}<\/style>\t\t<div class=\"elementor-spacer\">\n\t\t\t<div class=\"elementor-spacer-inner\"><\/div>\n\t\t<\/div>\n\t\t\t\t<\/div>\n\t\t\t\t<\/div>\n\t\t\t\t<div class=\"elementor-element elementor-element-ab2285c elementor-widget__width-initial elementor-widget elementor-widget-heading\" data-id=\"ab2285c\" data-element_type=\"widget\" data-widget_type=\"heading.default\">\n\t\t\t\t<div class=\"elementor-widget-container\">\n\t\t\t<style>\/*! elementor - v3.13.2 - 11-05-2023 *\/\n.elementor-heading-title{padding:0;margin:0;line-height:1}.elementor-widget-heading .elementor-heading-title[class*=elementor-size-]>a{color:inherit;font-size:inherit;line-height:inherit}.elementor-widget-heading .elementor-heading-title.elementor-size-small{font-size:15px}.elementor-widget-heading .elementor-heading-title.elementor-size-medium{font-size:19px}.elementor-widget-heading .elementor-heading-title.elementor-size-large{font-size:29px}.elementor-widget-heading .elementor-heading-title.elementor-size-xl{font-size:39px}.elementor-widget-heading .elementor-heading-title.elementor-size-xxl{font-size:59px}<\/style><h2 class=\"elementor-heading-title elementor-size-default\">SIMULAZIONI<\/h2>\t\t<\/div>\n\t\t\t\t<\/div>\n\t\t\t\t<div class=\"elementor-element elementor-element-2379543 elementor-widget elementor-widget-spacer\" data-id=\"2379543\" data-element_type=\"widget\" data-widget_type=\"spacer.default\">\n\t\t\t\t<div class=\"elementor-widget-container\">\n\t\t\t\t\t<div class=\"elementor-spacer\">\n\t\t\t<div class=\"elementor-spacer-inner\"><\/div>\n\t\t<\/div>\n\t\t\t\t<\/div>\n\t\t\t\t<\/div>\n\t\t\t\t<div class=\"elementor-element elementor-element-da38805 elementor-widget elementor-widget-text-editor\" data-id=\"da38805\" data-element_type=\"widget\" data-widget_type=\"text-editor.default\">\n\t\t\t\t<div class=\"elementor-widget-container\">\n\t\t\t<style>\/*! elementor - v3.13.2 - 11-05-2023 *\/\n.elementor-widget-text-editor.elementor-drop-cap-view-stacked .elementor-drop-cap{background-color:#69727d;color:#fff}.elementor-widget-text-editor.elementor-drop-cap-view-framed .elementor-drop-cap{color:#69727d;border:3px solid;background-color:transparent}.elementor-widget-text-editor:not(.elementor-drop-cap-view-default) .elementor-drop-cap{margin-top:8px}.elementor-widget-text-editor:not(.elementor-drop-cap-view-default) .elementor-drop-cap-letter{width:1em;height:1em}.elementor-widget-text-editor .elementor-drop-cap{float:left;text-align:center;line-height:1;font-size:50px}.elementor-widget-text-editor .elementor-drop-cap-letter{display:inline-block}<\/style>\t\t\t\t<p style=\"text-align: left;\"><b>RELATIVIT\u00c0 GENERALE<\/b><\/p>\n<p style=\"text-align: justify;\"><b>Albert Einstein<\/b>, con la sua teoria della relativit\u00e0 generale, dice che, attorno ad ogni oggetto materiale lo spazio-tempo si deforma curvandosi intorno a se. Facciamo un esempio, considerando uno spazio a due dimensioni: quello di un telo teso ai suoi estremi Senza oggetti materiali sulla sua superficie il telo \u00e8 perfettamente piano (su di esso si dice che \u00e8 valida la geometria euclidea). Poggiando sullo stesso telo un oggetto quale per esempio, una palla pesante, esso si curva, il telo non \u00e8 pi\u00f9 perfettamente piano (in questo caso si dice che sono valide le geometrie non-euclidee).<\/p>\n<p style=\"text-align: justify;\">Questo esempio in due dimensioni ci fa intuire come agisce la gravit\u00e0 nello nostro spazio tridimensionale; la curvatura dello spazio determina il moto dei pianeti attorno al nostro Sole (esso con la sua enorme massa determina intorno a s\u00e9 questa deformazione entro la quale si muovono tutti gli oggetti del Sistema Solare compreso il nostro pianeta).<\/p>\n<p style=\"text-align: justify;\">Ma la relativit\u00e0 generale ci spiega anche che se dovessimo comprimere l\u2019oggetto che determina la curvatura del foglio, mantenendo uguale la sua massa o viceversa, se in uno stesso volume di spazio dovessimo aggiungere della massa, il foglio si curva in una zona pi\u00f9 ristretta, con la profondit\u00e0 della deformazione che aumenta.<\/p>\n<p style=\"text-align: justify;\">Se il rapporto M\/d \u2265 6.75e+26 (cio\u00e8 675000000000000000000000000), dove M \u00e8 la massa in Kg e d \u00e8 il diametro in m, il campo gravitazionale diventa cos\u00ec intenso che la luce emessa viene piegata all\u2019interno e non pu\u00f2 evadere, si forma cosi un buco nero. Attorno alla posizione occupata una volta dalla stella viene a crearsi una zona di non-ritorno, chiamata orizzonte degli eventi, dalla quale nulla pu\u00f2 uscire.<\/p>\n<p style=\"text-align: justify;\">Nella simulazione si ipotizza l\u2019esistenza di una stella simile al Sole (massa di 2e+30 Kg = 2000000000000000000000000000000 Kg), massa che viene concentrata in uno spazio di diametro fissato pari a 6 Km (6000 m); inserendo un valore di massa crescente si noter\u00e0 come cambia la curvatura. Con il valore di 2e+30 Kg, l\u2019astro si trasforma in un buco nero con la deformazione assimilabile nella grafica ad una buca che si crea al di sotto dell\u2019astro.<\/p>\n<p style=\"text-align: justify;\"><b>NOTA: <\/b>utilizzando la freccia \u201csu\u201d e \u201cgiu\u201d della tastiera del computer, si aumenta e si diminuisce la scala (pu\u00f2 essere utilizzata anche la rotellina del mouse);<\/p>\t\t\t\t\t\t<\/div>\n\t\t\t\t<\/div>\n\t\t\t\t<div class=\"elementor-element elementor-element-b5c0021 elementor-align-center elementor-widget elementor-widget-button\" data-id=\"b5c0021\" data-element_type=\"widget\" data-widget_type=\"button.default\">\n\t\t\t\t<div class=\"elementor-widget-container\">\n\t\t\t\t\t<div class=\"elementor-button-wrapper\">\n\t\t\t<a href=\"https:\/\/www.osservatorioastronomicosirio.it\/Simulations\/Curvature.html\" target=\"_blank\" class=\"elementor-button-link elementor-button elementor-size-md\" role=\"button\">\n\t\t\t\t\t\t<span class=\"elementor-button-content-wrapper\">\n\t\t\t\t\t\t<span class=\"elementor-button-text\">SIMULATION<\/span>\n\t\t<\/span>\n\t\t\t\t\t<\/a>\n\t\t<\/div>\n\t\t\t\t<\/div>\n\t\t\t\t<\/div>\n\t\t\t\t<div class=\"elementor-element elementor-element-950aea8 elementor-widget elementor-widget-spacer\" data-id=\"950aea8\" data-element_type=\"widget\" data-widget_type=\"spacer.default\">\n\t\t\t\t<div class=\"elementor-widget-container\">\n\t\t\t\t\t<div class=\"elementor-spacer\">\n\t\t\t<div class=\"elementor-spacer-inner\"><\/div>\n\t\t<\/div>\n\t\t\t\t<\/div>\n\t\t\t\t<\/div>\n\t\t\t\t<div class=\"elementor-element elementor-element-d439355 elementor-widget__width-initial elementor-widget elementor-widget-heading\" data-id=\"d439355\" data-element_type=\"widget\" data-widget_type=\"heading.default\">\n\t\t\t\t<div class=\"elementor-widget-container\">\n\t\t\t<h2 class=\"elementor-heading-title elementor-size-default\">COLLISIONI GALATTICHE<\/h2>\t\t<\/div>\n\t\t\t\t<\/div>\n\t\t\t\t<div class=\"elementor-element elementor-element-0edd80f elementor-widget elementor-widget-spacer\" data-id=\"0edd80f\" data-element_type=\"widget\" data-widget_type=\"spacer.default\">\n\t\t\t\t<div class=\"elementor-widget-container\">\n\t\t\t\t\t<div class=\"elementor-spacer\">\n\t\t\t<div class=\"elementor-spacer-inner\"><\/div>\n\t\t<\/div>\n\t\t\t\t<\/div>\n\t\t\t\t<\/div>\n\t\t\t\t<div class=\"elementor-element elementor-element-feacaf2 elementor-widget elementor-widget-text-editor\" data-id=\"feacaf2\" data-element_type=\"widget\" data-widget_type=\"text-editor.default\">\n\t\t\t\t<div class=\"elementor-widget-container\">\n\t\t\t\t\t\t\t<p style=\"text-align: justify;\">La simulazione permette di visualizzare le diverse tipologie e forme delle galassie esistenti nell\u2019Universo; la causa \u00e8 dovuta all\u2019interazione gravitazionale delle stesse. In particolare, cliccando su \u201cinfo\u201d \u00e8 possibile conoscere i parametri fisici della galassia secondaria che interagendo con la galassia principale, ne determina l\u2019evoluzione del sistema dando forma alla galassia di una certa tipologia. Sono date per es. le immagini di 3 tipi di galassie che \u00e8 possibile riprodurre.<\/p>\t\t\t\t\t\t<\/div>\n\t\t\t\t<\/div>\n\t\t\t\t\t<\/div>\n\t\t<\/div>\n\t\t\t\t\t\t\t<\/div>\n\t\t<\/section>\n\t\t\t\t<section class=\"elementor-section elementor-top-section elementor-element elementor-element-6dbb3be elementor-section-boxed elementor-section-height-default elementor-section-height-default\" data-id=\"6dbb3be\" data-element_type=\"section\">\n\t\t\t\t\t\t<div class=\"elementor-container elementor-column-gap-default\">\n\t\t\t\t\t<div class=\"elementor-column elementor-col-33 elementor-top-column elementor-element elementor-element-b153121\" data-id=\"b153121\" data-element_type=\"column\">\n\t\t\t<div class=\"elementor-widget-wrap elementor-element-populated\">\n\t\t\t\t\t\t\t\t<div class=\"elementor-element elementor-element-3029e45 elementor-widget elementor-widget-text-editor\" data-id=\"3029e45\" data-element_type=\"widget\" data-widget_type=\"text-editor.default\">\n\t\t\t\t<div class=\"elementor-widget-container\">\n\t\t\t\t\t\t\t<p style=\"text-align: center;\"><b>1. Galassia tipo M51<\/b><\/p>\t\t\t\t\t\t<\/div>\n\t\t\t\t<\/div>\n\t\t\t\t<div class=\"elementor-element elementor-element-68a6f7c elementor-widget elementor-widget-image\" data-id=\"68a6f7c\" data-element_type=\"widget\" data-widget_type=\"image.default\">\n\t\t\t\t<div class=\"elementor-widget-container\">\n\t\t\t<style>\/*! elementor - v3.13.2 - 11-05-2023 *\/\n.elementor-widget-image{text-align:center}.elementor-widget-image a{display:inline-block}.elementor-widget-image a img[src$=\".svg\"]{width:48px}.elementor-widget-image img{vertical-align:middle;display:inline-block}<\/style>\t\t\t\t\t\t\t\t\t\t\t\t<img loading=\"lazy\" decoding=\"async\" width=\"346\" height=\"240\" src=\"https:\/\/osservatorioastronomicosirio.it\/new\/wp-content\/uploads\/2023\/06\/01-simulazioni.jpg\" class=\"attachment-full size-full wp-image-386\" alt=\"\" srcset=\"https:\/\/osservatorioastronomicosirio.it\/new\/wp-content\/uploads\/2023\/06\/01-simulazioni.jpg 346w, https:\/\/osservatorioastronomicosirio.it\/new\/wp-content\/uploads\/2023\/06\/01-simulazioni-300x208.jpg 300w\" sizes=\"auto, (max-width: 346px) 100vw, 346px\" \/>\t\t\t\t\t\t\t\t\t\t\t\t\t\t\t<\/div>\n\t\t\t\t<\/div>\n\t\t\t\t\t<\/div>\n\t\t<\/div>\n\t\t\t\t<div class=\"elementor-column elementor-col-33 elementor-top-column elementor-element elementor-element-e060c80\" data-id=\"e060c80\" data-element_type=\"column\">\n\t\t\t<div class=\"elementor-widget-wrap elementor-element-populated\">\n\t\t\t\t\t\t\t\t<div class=\"elementor-element elementor-element-0e44866 elementor-widget elementor-widget-text-editor\" data-id=\"0e44866\" data-element_type=\"widget\" data-widget_type=\"text-editor.default\">\n\t\t\t\t<div class=\"elementor-widget-container\">\n\t\t\t\t\t\t\t<p style=\"text-align: center;\"><b>\n2. Galassia tipo ad anello\n<\/b><\/p>\t\t\t\t\t\t<\/div>\n\t\t\t\t<\/div>\n\t\t\t\t<div class=\"elementor-element elementor-element-daa51b3 elementor-widget elementor-widget-image\" data-id=\"daa51b3\" data-element_type=\"widget\" data-widget_type=\"image.default\">\n\t\t\t\t<div class=\"elementor-widget-container\">\n\t\t\t\t\t\t\t\t\t\t\t\t\t\t\t<img loading=\"lazy\" decoding=\"async\" width=\"361\" height=\"306\" src=\"https:\/\/osservatorioastronomicosirio.it\/new\/wp-content\/uploads\/2023\/06\/02-simulazioni.jpg\" class=\"attachment-full size-full wp-image-387\" alt=\"\" srcset=\"https:\/\/osservatorioastronomicosirio.it\/new\/wp-content\/uploads\/2023\/06\/02-simulazioni.jpg 361w, https:\/\/osservatorioastronomicosirio.it\/new\/wp-content\/uploads\/2023\/06\/02-simulazioni-300x254.jpg 300w\" sizes=\"auto, (max-width: 361px) 100vw, 361px\" \/>\t\t\t\t\t\t\t\t\t\t\t\t\t\t\t<\/div>\n\t\t\t\t<\/div>\n\t\t\t\t\t<\/div>\n\t\t<\/div>\n\t\t\t\t<div class=\"elementor-column elementor-col-33 elementor-top-column elementor-element elementor-element-a64e437\" data-id=\"a64e437\" data-element_type=\"column\">\n\t\t\t<div class=\"elementor-widget-wrap elementor-element-populated\">\n\t\t\t\t\t\t\t\t<div class=\"elementor-element elementor-element-72faa95 elementor-widget elementor-widget-text-editor\" data-id=\"72faa95\" data-element_type=\"widget\" data-widget_type=\"text-editor.default\">\n\t\t\t\t<div class=\"elementor-widget-container\">\n\t\t\t\t\t\t\t<p style=\"text-align: center;\"><b>3. Galassia tipo a spirale\n<\/b><\/p>\t\t\t\t\t\t<\/div>\n\t\t\t\t<\/div>\n\t\t\t\t<div class=\"elementor-element elementor-element-371f8a9 elementor-widget elementor-widget-image\" data-id=\"371f8a9\" data-element_type=\"widget\" data-widget_type=\"image.default\">\n\t\t\t\t<div class=\"elementor-widget-container\">\n\t\t\t\t\t\t\t\t\t\t\t\t\t\t\t<img loading=\"lazy\" decoding=\"async\" width=\"376\" height=\"329\" src=\"https:\/\/osservatorioastronomicosirio.it\/new\/wp-content\/uploads\/2023\/06\/03-simulazioni.jpg\" class=\"attachment-full size-full wp-image-388\" alt=\"\" srcset=\"https:\/\/osservatorioastronomicosirio.it\/new\/wp-content\/uploads\/2023\/06\/03-simulazioni.jpg 376w, https:\/\/osservatorioastronomicosirio.it\/new\/wp-content\/uploads\/2023\/06\/03-simulazioni-300x263.jpg 300w\" sizes=\"auto, (max-width: 376px) 100vw, 376px\" \/>\t\t\t\t\t\t\t\t\t\t\t\t\t\t\t<\/div>\n\t\t\t\t<\/div>\n\t\t\t\t\t<\/div>\n\t\t<\/div>\n\t\t\t\t\t\t\t<\/div>\n\t\t<\/section>\n\t\t\t\t<section class=\"elementor-section elementor-top-section elementor-element elementor-element-1c785d0 elementor-section-boxed elementor-section-height-default elementor-section-height-default\" data-id=\"1c785d0\" data-element_type=\"section\">\n\t\t\t\t\t\t<div class=\"elementor-container elementor-column-gap-default\">\n\t\t\t\t\t<div class=\"elementor-column elementor-col-50 elementor-top-column elementor-element elementor-element-af5e37d\" data-id=\"af5e37d\" data-element_type=\"column\">\n\t\t\t<div class=\"elementor-widget-wrap elementor-element-populated\">\n\t\t\t\t\t\t\t\t<div class=\"elementor-element elementor-element-12df914 elementor-widget elementor-widget-text-editor\" data-id=\"12df914\" data-element_type=\"widget\" data-widget_type=\"text-editor.default\">\n\t\t\t\t<div class=\"elementor-widget-container\">\n\t\t\t\t\t\t\t<p>Quindi inserendo i parametri indicati la simulazione fornisce la forma del sistema finale dopo un certo tempo indicato in unit\u00e0 di milioni di anni. In basso, vengono date informazioni su come simulare.<br \/><br \/>\u2022 Tasto <b>START <\/b>: per avviare la simulazione.<br \/>\u2022 Tasto <b>PAUSE <\/b>: per mettere in pausa.<br \/>\u2022 Tasto <b>RESUME <\/b>: per riprendere la simulazione.<br \/>\u2022 Tasto <b>RESET <\/b>: per riavviare la simulazione (inserendo altri parametri \u00e8 necessario prima cambiarli e poi premere RESET).<br \/>\u2022 Tasto <b>STOP-CPU<\/b> : per arrestare l\u2019esecuzione del programma (premendo il tasto PAUSE il programma \u00e8 comunque ancora in esecuzione, quindi \u00e8 possibile cambiare la prospettiva).<br \/>\u2022 Tasto <b>RUN-CPU<\/b> : per riavviare l\u2019esecuzione del programma.<br \/>\u2022 Tasto <b>INFO <\/b>: per avere informazioni sui parametri da inserire per la tipologia di galassia che si vuole riprodurre.<\/p>\t\t\t\t\t\t<\/div>\n\t\t\t\t<\/div>\n\t\t\t\t\t<\/div>\n\t\t<\/div>\n\t\t\t\t<div class=\"elementor-column elementor-col-50 elementor-top-column elementor-element elementor-element-4ed479b\" data-id=\"4ed479b\" data-element_type=\"column\">\n\t\t\t<div class=\"elementor-widget-wrap elementor-element-populated\">\n\t\t\t\t\t\t\t\t<div class=\"elementor-element elementor-element-6bb5b5c elementor-widget elementor-widget-text-editor\" data-id=\"6bb5b5c\" data-element_type=\"widget\" data-widget_type=\"text-editor.default\">\n\t\t\t\t<div class=\"elementor-widget-container\">\n\t\t\t\t\t\t\t<p><b> NOTE :<br \/><\/b><br \/>\u2022 Cliccando sul riquadro \u201cHide input Parameters\u201d viene nascosto il box dei parametri di input della galassia intrusa;<br \/>\u2022 Cliccando sul riquadro giallo del tempo, si nasconde nascondo la pulsantiera;<br \/>\u2022 I parametri di input comprendono le posizioni, velocit\u00e0, massa e step temporale;<br \/>\u2022 Utilizzando la freccia \u201csu\u201d e \u201cgiu\u201d della tastiera del computer, si aumenta e si diminuisce la scala (pu\u00f2 essere utilizzata anche la rotellina del mouse);<br \/>\u2022 Per cambiare prospettiva, occorre tenere premuto il tasto sinistro del mouse oppure del touchpad e scorrere il mouse o muovere il dito sul touch nel caso del computer portatile;<br \/>\u2022 Per spostare la simulazione al centro dello schermo, tenere premuto il tasto destro del mouse oppure il tasto destro del touchpad e scorrere il mouse o il dito sul touch per avere l\u2019effetto desiderato.<\/p>\t\t\t\t\t\t<\/div>\n\t\t\t\t<\/div>\n\t\t\t\t\t<\/div>\n\t\t<\/div>\n\t\t\t\t\t\t\t<\/div>\n\t\t<\/section>\n\t\t\t\t<section class=\"elementor-section elementor-top-section elementor-element elementor-element-2631159 elementor-section-boxed elementor-section-height-default elementor-section-height-default\" data-id=\"2631159\" data-element_type=\"section\">\n\t\t\t\t\t\t<div class=\"elementor-container elementor-column-gap-default\">\n\t\t\t\t\t<div class=\"elementor-column elementor-col-100 elementor-top-column elementor-element elementor-element-d5d9611\" data-id=\"d5d9611\" data-element_type=\"column\">\n\t\t\t<div class=\"elementor-widget-wrap elementor-element-populated\">\n\t\t\t\t\t\t\t\t<div class=\"elementor-element elementor-element-85a9d7e elementor-align-center elementor-widget elementor-widget-button\" data-id=\"85a9d7e\" data-element_type=\"widget\" data-widget_type=\"button.default\">\n\t\t\t\t<div class=\"elementor-widget-container\">\n\t\t\t\t\t<div class=\"elementor-button-wrapper\">\n\t\t\t<a href=\"https:\/\/www.osservatorioastronomicosirio.it\/Simulations\/GalaxyCollider.html\" target=\"_blank\" class=\"elementor-button-link elementor-button elementor-size-md\" role=\"button\">\n\t\t\t\t\t\t<span class=\"elementor-button-content-wrapper\">\n\t\t\t\t\t\t<span class=\"elementor-button-text\">SIMULATION<\/span>\n\t\t<\/span>\n\t\t\t\t\t<\/a>\n\t\t<\/div>\n\t\t\t\t<\/div>\n\t\t\t\t<\/div>\n\t\t\t\t\t<\/div>\n\t\t<\/div>\n\t\t\t\t\t\t\t<\/div>\n\t\t<\/section>\n\t\t\t\t\t\t\t<\/div>\n\t\t","protected":false},"excerpt":{"rendered":"<p>SIMULAZIONI RELATIVIT\u00c0 GENERALE Albert Einstein, con la sua teoria della relativit\u00e0 generale, dice che, attorno ad ogni oggetto materiale lo spazio-tempo si deforma curvandosi intorno a se. Facciamo un esempio, considerando uno spazio a due dimensioni: quello di un telo teso ai suoi estremi Senza oggetti materiali sulla sua superficie il telo \u00e8 perfettamente piano [&hellip;]<\/p>\n","protected":false},"author":1,"featured_media":0,"parent":0,"menu_order":0,"comment_status":"closed","ping_status":"closed","template":"","meta":{"tpgb_global_settings":"","footnotes":""},"class_list":["post-366","page","type-page","status-publish","hentry"],"tpgb_featured_images":null,"tpgb_post_meta_info":{"get_date":"3 Giugno 2023","author_name":"acquisti@vgtechnology.it","author_url":"https:\/\/osservatorioastronomicosirio.it\/new\/author\/acquistivgtechnology-it\/","author_email":"acquisti@vgtechnology.it","author_website":"https:\/\/osservatorioastronomicosirio.it\/new","author_description":"","author_facebook":"","author_twitter":"","author_instagram":"","author_role":["administrator"],"author_firstname":"","author_lastname":"","user_login":"acquisti@vgtechnology.it","author_avatar":"<img alt='' src='https:\/\/secure.gravatar.com\/avatar\/6fa565df89c6e7dd7f1af0e202925aba76d34a695a92336ba74c6d73024ddbf3?s=200&#038;d=mm&#038;r=g' srcset='https:\/\/secure.gravatar.com\/avatar\/6fa565df89c6e7dd7f1af0e202925aba76d34a695a92336ba74c6d73024ddbf3?s=400&#038;d=mm&#038;r=g 2x' class='avatar avatar-200 photo' height='200' width='200' loading='lazy' decoding='async'\/>","author_avatar_url":"https:\/\/secure.gravatar.com\/avatar\/6fa565df89c6e7dd7f1af0e202925aba76d34a695a92336ba74c6d73024ddbf3?s=96&d=mm&r=g","comment_count":0,"post_likes":0,"post_views":0},"tpgb_post_category":[],"_links":{"self":[{"href":"https:\/\/osservatorioastronomicosirio.it\/new\/wp-json\/wp\/v2\/pages\/366","targetHints":{"allow":["GET"]}}],"collection":[{"href":"https:\/\/osservatorioastronomicosirio.it\/new\/wp-json\/wp\/v2\/pages"}],"about":[{"href":"https:\/\/osservatorioastronomicosirio.it\/new\/wp-json\/wp\/v2\/types\/page"}],"author":[{"embeddable":true,"href":"https:\/\/osservatorioastronomicosirio.it\/new\/wp-json\/wp\/v2\/users\/1"}],"replies":[{"embeddable":true,"href":"https:\/\/osservatorioastronomicosirio.it\/new\/wp-json\/wp\/v2\/comments?post=366"}],"version-history":[{"count":43,"href":"https:\/\/osservatorioastronomicosirio.it\/new\/wp-json\/wp\/v2\/pages\/366\/revisions"}],"predecessor-version":[{"id":412,"href":"https:\/\/osservatorioastronomicosirio.it\/new\/wp-json\/wp\/v2\/pages\/366\/revisions\/412"}],"wp:attachment":[{"href":"https:\/\/osservatorioastronomicosirio.it\/new\/wp-json\/wp\/v2\/media?parent=366"}],"curies":[{"name":"wp","href":"https:\/\/api.w.org\/{rel}","templated":true}]}}