{"id":451,"date":"2023-06-05T11:11:25","date_gmt":"2023-06-05T09:11:25","guid":{"rendered":"https:\/\/osservatorioastronomicosirio.it\/new\/?page_id=451"},"modified":"2023-06-10T12:45:47","modified_gmt":"2023-06-10T10:45:47","slug":"ricerca-prisma","status":"publish","type":"page","link":"https:\/\/osservatorioastronomicosirio.it\/new\/ricerca-prisma\/","title":{"rendered":"Ricerca &#8211; Prisma"},"content":{"rendered":"\t\t<div data-elementor-type=\"wp-page\" data-elementor-id=\"451\" class=\"elementor elementor-451\">\n\t\t\t\t\t\t\t\t\t<section class=\"elementor-section elementor-top-section elementor-element elementor-element-1d0ce1c elementor-section-boxed elementor-section-height-default elementor-section-height-default\" data-id=\"1d0ce1c\" data-element_type=\"section\">\n\t\t\t\t\t\t<div class=\"elementor-container elementor-column-gap-default\">\n\t\t\t\t\t<div class=\"elementor-column elementor-col-100 elementor-top-column elementor-element elementor-element-b8dfb01\" data-id=\"b8dfb01\" data-element_type=\"column\">\n\t\t\t<div class=\"elementor-widget-wrap elementor-element-populated\">\n\t\t\t\t\t\t\t\t<div class=\"elementor-element elementor-element-569a588 elementor-widget elementor-widget-spacer\" data-id=\"569a588\" data-element_type=\"widget\" data-widget_type=\"spacer.default\">\n\t\t\t\t<div class=\"elementor-widget-container\">\n\t\t\t<style>\/*! elementor - v3.13.2 - 11-05-2023 *\/\n.elementor-column .elementor-spacer-inner{height:var(--spacer-size)}.e-con{--container-widget-width:100%}.e-con-inner>.elementor-widget-spacer,.e-con>.elementor-widget-spacer{width:var(--container-widget-width,var(--spacer-size));--align-self:var(--container-widget-align-self,initial);--flex-shrink:0}.e-con-inner>.elementor-widget-spacer>.elementor-widget-container,.e-con-inner>.elementor-widget-spacer>.elementor-widget-container>.elementor-spacer,.e-con>.elementor-widget-spacer>.elementor-widget-container,.e-con>.elementor-widget-spacer>.elementor-widget-container>.elementor-spacer{height:100%}.e-con-inner>.elementor-widget-spacer>.elementor-widget-container>.elementor-spacer>.elementor-spacer-inner,.e-con>.elementor-widget-spacer>.elementor-widget-container>.elementor-spacer>.elementor-spacer-inner{height:var(--container-widget-height,var(--spacer-size))}<\/style>\t\t<div class=\"elementor-spacer\">\n\t\t\t<div class=\"elementor-spacer-inner\"><\/div>\n\t\t<\/div>\n\t\t\t\t<\/div>\n\t\t\t\t<\/div>\n\t\t\t\t<div class=\"elementor-element elementor-element-ab2285c elementor-widget__width-initial elementor-widget elementor-widget-heading\" data-id=\"ab2285c\" data-element_type=\"widget\" data-widget_type=\"heading.default\">\n\t\t\t\t<div class=\"elementor-widget-container\">\n\t\t\t<style>\/*! elementor - v3.13.2 - 11-05-2023 *\/\n.elementor-heading-title{padding:0;margin:0;line-height:1}.elementor-widget-heading .elementor-heading-title[class*=elementor-size-]>a{color:inherit;font-size:inherit;line-height:inherit}.elementor-widget-heading .elementor-heading-title.elementor-size-small{font-size:15px}.elementor-widget-heading .elementor-heading-title.elementor-size-medium{font-size:19px}.elementor-widget-heading .elementor-heading-title.elementor-size-large{font-size:29px}.elementor-widget-heading .elementor-heading-title.elementor-size-xl{font-size:39px}.elementor-widget-heading .elementor-heading-title.elementor-size-xxl{font-size:59px}<\/style><h2 class=\"elementor-heading-title elementor-size-default\">LA RETE PRISMA<\/h2>\t\t<\/div>\n\t\t\t\t<\/div>\n\t\t\t\t<div class=\"elementor-element elementor-element-2379543 elementor-widget elementor-widget-spacer\" data-id=\"2379543\" data-element_type=\"widget\" data-widget_type=\"spacer.default\">\n\t\t\t\t<div class=\"elementor-widget-container\">\n\t\t\t\t\t<div class=\"elementor-spacer\">\n\t\t\t<div class=\"elementor-spacer-inner\"><\/div>\n\t\t<\/div>\n\t\t\t\t<\/div>\n\t\t\t\t<\/div>\n\t\t\t\t<div class=\"elementor-element elementor-element-da38805 elementor-widget elementor-widget-text-editor\" data-id=\"da38805\" data-element_type=\"widget\" data-widget_type=\"text-editor.default\">\n\t\t\t\t<div class=\"elementor-widget-container\">\n\t\t\t<style>\/*! elementor - v3.13.2 - 11-05-2023 *\/\n.elementor-widget-text-editor.elementor-drop-cap-view-stacked .elementor-drop-cap{background-color:#69727d;color:#fff}.elementor-widget-text-editor.elementor-drop-cap-view-framed .elementor-drop-cap{color:#69727d;border:3px solid;background-color:transparent}.elementor-widget-text-editor:not(.elementor-drop-cap-view-default) .elementor-drop-cap{margin-top:8px}.elementor-widget-text-editor:not(.elementor-drop-cap-view-default) .elementor-drop-cap-letter{width:1em;height:1em}.elementor-widget-text-editor .elementor-drop-cap{float:left;text-align:center;line-height:1;font-size:50px}.elementor-widget-text-editor .elementor-drop-cap-letter{display:inline-block}<\/style>\t\t\t\t<p style=\"text-align: justify;\">Il progetto <strong>PRISMA (Prima Rete Italiana per la Sorveglianza sistematica di Meteore e Atmosfera)<\/strong> prevede la realizzazione di una rete di camere all-sky per l\u2019osservazione di meteore brillanti (\u201cbolidi\u201d), al fine di determinarne le orbite degli oggetti che le provocano e delimitare con un buon grado di approssimazione le aree dell\u2019eventuale caduta di meteoriti, che in genere \u00e8 associata a questi eventi.<\/p>\n<p style=\"text-align: justify;\">Le meteoriti sono la principale fonte di informazioni sulla storia remota del Sistema Solare, sui meccanismi di formazione e sul materiale da cui si formarono il Sole e i pianeti. L\u2019osservazione sistematica di questi eventi permette inoltre di determinare il flusso degli oggetti cosmici di pi\u00f9 piccole dimensioni che interagiscono con la Terra, parametro questo non ancora ben conosciuto. Inoltre i dati raccolti in maniera sistematica potranno aiutare a perfezionare i modelli relativi all\u2019interazione di corpi cosmici con l\u2019atmosfera che a tutt\u2019oggi presentano ancora molte lacune a causa della mancanza di un buon set di dati osservativi.<\/p>\n<p style=\"text-align: justify;\">Oltre all\u2019aspetto astrofisico, le immagini del cielo raccolte in continuo (notte e giorno), permetteranno anche il monitoraggio sistematico della copertura nuvolosa e dell\u2019attivit\u00e0 elettrica atmosferica. Tali dati potranno essere di grande importanza per la validazione dei modelli metereologici e climatici.<\/p>\n<p style=\"text-align: justify;\">L\u2019obiettivo finale del progetto \u00e8 quello di creare una rete di stazioni osservative, con maglie che non superino i 100 km, che si estenda su tutta la nostra penisola. La rete PRISMA consolidata nel 2017 trova numerose collaborazioni internazionali con analoghi programmi attivi in Francia, Spagna e centro Europa.<\/p>\t\t\t\t\t\t<\/div>\n\t\t\t\t<\/div>\n\t\t\t\t<div class=\"elementor-element elementor-element-9da4c02 elementor-position-left elementor-view-default elementor-mobile-position-top elementor-vertical-align-top elementor-widget elementor-widget-icon-box\" data-id=\"9da4c02\" data-element_type=\"widget\" data-widget_type=\"icon-box.default\">\n\t\t\t\t<div class=\"elementor-widget-container\">\n\t\t\t<link rel=\"stylesheet\" href=\"https:\/\/osservatorioastronomicosirio.it\/new\/wp-content\/plugins\/elementor\/assets\/css\/widget-icon-box.min.css\">\t\t<div class=\"elementor-icon-box-wrapper\">\n\t\t\t\t\t\t<div class=\"elementor-icon-box-icon\">\n\t\t\t\t<a class=\"elementor-icon elementor-animation-\" href=\"\/new\/wp-content\/uploads\/2023\/06\/POSTER_Bormio_Nicola-Rizzi_PRISMA.pdf\" target=\"_blank\">\n\t\t\t\t<i aria-hidden=\"true\" class=\"fas fa-file-pdf\"><\/i>\t\t\t\t<\/a>\n\t\t\t<\/div>\n\t\t\t\t\t\t<div class=\"elementor-icon-box-content\">\n\t\t\t\t<h3 class=\"elementor-icon-box-title\">\n\t\t\t\t\t<a href=\"\/new\/wp-content\/uploads\/2023\/06\/POSTER_Bormio_Nicola-Rizzi_PRISMA.pdf\" target=\"_blank\" >\n\t\t\t\t\t\tRisultati Conferenza Bormio PRISMA\t\t\t\t\t<\/a>\n\t\t\t\t<\/h3>\n\t\t\t\t\t\t\t<\/div>\n\t\t<\/div>\n\t\t\t\t<\/div>\n\t\t\t\t<\/div>\n\t\t\t\t<div class=\"elementor-element elementor-element-3a7bf2a elementor-align-center elementor-widget elementor-widget-button\" data-id=\"3a7bf2a\" data-element_type=\"widget\" data-widget_type=\"button.default\">\n\t\t\t\t<div class=\"elementor-widget-container\">\n\t\t\t\t\t<div class=\"elementor-button-wrapper\">\n\t\t\t<a href=\"\/new\/ricerca-prisma-eventi-registrati\/\" class=\"elementor-button-link elementor-button elementor-size-sm\" role=\"button\">\n\t\t\t\t\t\t<span class=\"elementor-button-content-wrapper\">\n\t\t\t\t\t\t<span class=\"elementor-button-text\">EVENTI REGISTRATI<\/span>\n\t\t<\/span>\n\t\t\t\t\t<\/a>\n\t\t<\/div>\n\t\t\t\t<\/div>\n\t\t\t\t<\/div>\n\t\t\t\t<div class=\"elementor-element elementor-element-2f368ec elementor-widget elementor-widget-spacer\" data-id=\"2f368ec\" data-element_type=\"widget\" data-widget_type=\"spacer.default\">\n\t\t\t\t<div class=\"elementor-widget-container\">\n\t\t\t\t\t<div class=\"elementor-spacer\">\n\t\t\t<div class=\"elementor-spacer-inner\"><\/div>\n\t\t<\/div>\n\t\t\t\t<\/div>\n\t\t\t\t<\/div>\n\t\t\t\t<div class=\"elementor-element elementor-element-3d3b2fe elementor-widget__width-initial elementor-widget elementor-widget-heading\" data-id=\"3d3b2fe\" data-element_type=\"widget\" data-widget_type=\"heading.default\">\n\t\t\t\t<div class=\"elementor-widget-container\">\n\t\t\t<h2 class=\"elementor-heading-title elementor-size-default\">SIRIO E PRISMA<\/h2>\t\t<\/div>\n\t\t\t\t<\/div>\n\t\t\t\t<div class=\"elementor-element elementor-element-950aea8 elementor-widget elementor-widget-spacer\" data-id=\"950aea8\" data-element_type=\"widget\" data-widget_type=\"spacer.default\">\n\t\t\t\t<div class=\"elementor-widget-container\">\n\t\t\t\t\t<div class=\"elementor-spacer\">\n\t\t\t<div class=\"elementor-spacer-inner\"><\/div>\n\t\t<\/div>\n\t\t\t\t<\/div>\n\t\t\t\t<\/div>\n\t\t\t\t<div class=\"elementor-element elementor-element-371f8a9 elementor-widget elementor-widget-image\" data-id=\"371f8a9\" data-element_type=\"widget\" data-widget_type=\"image.default\">\n\t\t\t\t<div class=\"elementor-widget-container\">\n\t\t\t<style>\/*! elementor - v3.13.2 - 11-05-2023 *\/\n.elementor-widget-image{text-align:center}.elementor-widget-image a{display:inline-block}.elementor-widget-image a img[src$=\".svg\"]{width:48px}.elementor-widget-image img{vertical-align:middle;display:inline-block}<\/style>\t\t\t\t\t\t\t\t\t\t\t\t<img decoding=\"async\" src=\"https:\/\/osservatorioastronomicosirio.it\/new\/wp-content\/uploads\/elementor\/thumbs\/camera-q7pi0aiedy889xiyl1htsfimbu0gy6pkaz4v3rtq0w.jpg\" title=\"camera\" alt=\"camera\" loading=\"lazy\" \/>\t\t\t\t\t\t\t\t\t\t\t\t\t\t\t<\/div>\n\t\t\t\t<\/div>\n\t\t\t\t<div class=\"elementor-element elementor-element-feacaf2 elementor-widget elementor-widget-text-editor\" data-id=\"feacaf2\" data-element_type=\"widget\" data-widget_type=\"text-editor.default\">\n\t\t\t\t<div class=\"elementor-widget-container\">\n\t\t\t\t\t\t\t<p style=\"text-align: center;\">Videocamera PRISMA dell\u2019osservatorio SIRIO<\/p>\t\t\t\t\t\t<\/div>\n\t\t\t\t<\/div>\n\t\t\t\t<div class=\"elementor-element elementor-element-2dd1db6 elementor-widget elementor-widget-text-editor\" data-id=\"2dd1db6\" data-element_type=\"widget\" data-widget_type=\"text-editor.default\">\n\t\t\t\t<div class=\"elementor-widget-container\">\n\t\t\t\t\t\t\t<p style=\"text-align: justify;\">L\u2019installazione di una camera all-sky a Castellana Grotte \u00e8 stata resa possibile grazie alla presenza dell\u2019Osservatorio Astronomico Sirio il cui responsabile delle attivit\u00e0, il prof. Nicola Rizzi, \u00e8 stato contattato direttamente dal primo tecnologo dell\u2019Osservatorio Astronomico di Pino Torinese (osservatorio che fa parte dell\u2019INAF, l\u2019Istituto Nazionale di Astrofisica), Daniele Gardiol.<\/p><p style=\"text-align: justify;\">La richiesta di posizionare una delle camere di ripresa (di costruzione francese e di nuova generazione) \u00e8 stata accolta favorevolmente dal C.d.A. della SRL Grotte che a Dicembre ha finanziato l\u2019acquisto della camera stessa e che ha visto la sua prima \u201cluce\u201d il 28 Maggio 2017. La porzione di cielo ripresa \u00e8 pari a 223\u00b0 x 166\u00b0, e la risoluzione dell\u2019immagine \u00e8 di 1.3 MP. La rete di camere sar\u00e0 alla base del metodo utilizzato per esempio per determinare l\u2019epicentro di un sisma: quello della triangolazione. La visione di un \u201cbolide\u201d da parte di almeno 3 camere potr\u00e0 permettere la relativa determinazione della traiettoria in 3 dimensioni; ci\u00f2 permetter\u00e0 di stabilire con un errore di qualche chilometro l\u2019area in cui potrebbero impattare frammenti meteoritici necessari per compiere analisi approfondite sulla loro natura.<\/p><p style=\"text-align: justify;\"><b><a style=\"color: #fff;\" href=\"http:\/\/www.fripon.org\/IMG\/jpg\/stations\/RT_ITPU01.jpg target=\" rel=\"noopener\">Cliccando qui<\/a>,<\/b> sar\u00e0 possibile visionare in diretta l\u2019immagine del cielo ripreso dalla stazione osservativa di SIRIO (la camera fornisce un\u2019immagine ogni 10 minuti). <b><a style=\"color: #fff;\" href=\"https:\/\/www.fripon.org\/IMG\/jpg\/stations\/mosaique.html\" target=\"_blank\" rel=\"noopener\">Cliccando qui,<\/a><\/b> \u00e8 possibile accedere alla lista completa di tutte le stazioni del Progetto Prisma incluse le varie collaborazioni internazionali. In questo modo chiunque potr\u00e0 quindi diventare spettatore di un bolide (in caso di un evento cosmico) o di eventi atmosferici di ogni tipo.<\/p>\t\t\t\t\t\t<\/div>\n\t\t\t\t<\/div>\n\t\t\t\t\t<\/div>\n\t\t<\/div>\n\t\t\t\t\t\t\t<\/div>\n\t\t<\/section>\n\t\t\t\t<section class=\"elementor-section elementor-top-section elementor-element elementor-element-732bfce elementor-section-boxed elementor-section-height-default elementor-section-height-default\" data-id=\"732bfce\" data-element_type=\"section\">\n\t\t\t\t\t\t<div class=\"elementor-container elementor-column-gap-default\">\n\t\t\t\t\t<div class=\"elementor-column elementor-col-33 elementor-top-column elementor-element elementor-element-9fd2f4f\" data-id=\"9fd2f4f\" data-element_type=\"column\">\n\t\t\t<div class=\"elementor-widget-wrap elementor-element-populated\">\n\t\t\t\t\t\t\t\t<div class=\"elementor-element elementor-element-85a9d7e elementor-align-center elementor-widget elementor-widget-button\" data-id=\"85a9d7e\" data-element_type=\"widget\" data-widget_type=\"button.default\">\n\t\t\t\t<div class=\"elementor-widget-container\">\n\t\t\t\t\t<div class=\"elementor-button-wrapper\">\n\t\t\t<a href=\"https:\/\/www.fripon.org\/IMG\/jpg\/stations\/RT_ITPU01.jpg\" target=\"_blank\" class=\"elementor-button-link elementor-button elementor-size-sm\" role=\"button\">\n\t\t\t\t\t\t<span class=\"elementor-button-content-wrapper\">\n\t\t\t\t\t\t<span class=\"elementor-button-text\">CAMERA LIVE<\/span>\n\t\t<\/span>\n\t\t\t\t\t<\/a>\n\t\t<\/div>\n\t\t\t\t<\/div>\n\t\t\t\t<\/div>\n\t\t\t\t\t<\/div>\n\t\t<\/div>\n\t\t\t\t<div class=\"elementor-column elementor-col-33 elementor-top-column elementor-element elementor-element-a7afe52\" data-id=\"a7afe52\" data-element_type=\"column\">\n\t\t\t<div class=\"elementor-widget-wrap elementor-element-populated\">\n\t\t\t\t\t\t\t\t<div class=\"elementor-element elementor-element-b87dd04 elementor-align-center elementor-widget elementor-widget-button\" data-id=\"b87dd04\" data-element_type=\"widget\" data-widget_type=\"button.default\">\n\t\t\t\t<div class=\"elementor-widget-container\">\n\t\t\t\t\t<div class=\"elementor-button-wrapper\">\n\t\t\t<a href=\"http:\/\/www.prisma.inaf.it\/\" target=\"_blank\" class=\"elementor-button-link elementor-button elementor-size-sm\" role=\"button\">\n\t\t\t\t\t\t<span class=\"elementor-button-content-wrapper\">\n\t\t\t\t\t\t<span class=\"elementor-button-text\">SITO UFFICIALE<\/span>\n\t\t<\/span>\n\t\t\t\t\t<\/a>\n\t\t<\/div>\n\t\t\t\t<\/div>\n\t\t\t\t<\/div>\n\t\t\t\t\t<\/div>\n\t\t<\/div>\n\t\t\t\t<div class=\"elementor-column elementor-col-33 elementor-top-column elementor-element elementor-element-ce990f2\" data-id=\"ce990f2\" data-element_type=\"column\">\n\t\t\t<div class=\"elementor-widget-wrap elementor-element-populated\">\n\t\t\t\t\t\t\t\t<div class=\"elementor-element elementor-element-0525bc2 elementor-align-center elementor-widget elementor-widget-button\" data-id=\"0525bc2\" data-element_type=\"widget\" data-widget_type=\"button.default\">\n\t\t\t\t<div class=\"elementor-widget-container\">\n\t\t\t\t\t<div class=\"elementor-button-wrapper\">\n\t\t\t<a href=\"https:\/\/www.google.com\/maps\/d\/embed?mid=1vqfqtVFJ5kvtLGHQkyXJuEfQT7PXZ68F&#038;hl=it&#038;ll=41.82822798285432%2C11.562865999999996&#038;z=6\" target=\"_blank\" class=\"elementor-button-link elementor-button elementor-size-sm\" role=\"button\">\n\t\t\t\t\t\t<span class=\"elementor-button-content-wrapper\">\n\t\t\t\t\t\t<span class=\"elementor-button-text\">MAPPA INTERATTIVA<\/span>\n\t\t<\/span>\n\t\t\t\t\t<\/a>\n\t\t<\/div>\n\t\t\t\t<\/div>\n\t\t\t\t<\/div>\n\t\t\t\t\t<\/div>\n\t\t<\/div>\n\t\t\t\t\t\t\t<\/div>\n\t\t<\/section>\n\t\t\t\t\t\t\t<\/div>\n\t\t","protected":false},"excerpt":{"rendered":"<p>LA RETE PRISMA Il progetto PRISMA (Prima Rete Italiana per la Sorveglianza sistematica di Meteore e Atmosfera) prevede la realizzazione di una rete di camere all-sky per l\u2019osservazione di meteore brillanti (\u201cbolidi\u201d), al fine di determinarne le orbite degli oggetti che le provocano e delimitare con un buon grado di approssimazione le aree dell\u2019eventuale caduta [&hellip;]<\/p>\n","protected":false},"author":1,"featured_media":0,"parent":0,"menu_order":0,"comment_status":"closed","ping_status":"closed","template":"","meta":{"tpgb_global_settings":"","footnotes":""},"class_list":["post-451","page","type-page","status-publish","hentry"],"tpgb_featured_images":null,"tpgb_post_meta_info":{"get_date":"5 Giugno 2023","author_name":"acquisti@vgtechnology.it","author_url":"https:\/\/osservatorioastronomicosirio.it\/new\/author\/acquistivgtechnology-it\/","author_email":"acquisti@vgtechnology.it","author_website":"https:\/\/osservatorioastronomicosirio.it\/new","author_description":"","author_facebook":"","author_twitter":"","author_instagram":"","author_role":["administrator"],"author_firstname":"","author_lastname":"","user_login":"acquisti@vgtechnology.it","author_avatar":"<img alt='' src='https:\/\/secure.gravatar.com\/avatar\/6fa565df89c6e7dd7f1af0e202925aba76d34a695a92336ba74c6d73024ddbf3?s=200&#038;d=mm&#038;r=g' srcset='https:\/\/secure.gravatar.com\/avatar\/6fa565df89c6e7dd7f1af0e202925aba76d34a695a92336ba74c6d73024ddbf3?s=400&#038;d=mm&#038;r=g 2x' class='avatar avatar-200 photo' height='200' width='200' loading='lazy' decoding='async'\/>","author_avatar_url":"https:\/\/secure.gravatar.com\/avatar\/6fa565df89c6e7dd7f1af0e202925aba76d34a695a92336ba74c6d73024ddbf3?s=96&d=mm&r=g","comment_count":0,"post_likes":0,"post_views":0},"tpgb_post_category":[],"_links":{"self":[{"href":"https:\/\/osservatorioastronomicosirio.it\/new\/wp-json\/wp\/v2\/pages\/451","targetHints":{"allow":["GET"]}}],"collection":[{"href":"https:\/\/osservatorioastronomicosirio.it\/new\/wp-json\/wp\/v2\/pages"}],"about":[{"href":"https:\/\/osservatorioastronomicosirio.it\/new\/wp-json\/wp\/v2\/types\/page"}],"author":[{"embeddable":true,"href":"https:\/\/osservatorioastronomicosirio.it\/new\/wp-json\/wp\/v2\/users\/1"}],"replies":[{"embeddable":true,"href":"https:\/\/osservatorioastronomicosirio.it\/new\/wp-json\/wp\/v2\/comments?post=451"}],"version-history":[{"count":37,"href":"https:\/\/osservatorioastronomicosirio.it\/new\/wp-json\/wp\/v2\/pages\/451\/revisions"}],"predecessor-version":[{"id":1065,"href":"https:\/\/osservatorioastronomicosirio.it\/new\/wp-json\/wp\/v2\/pages\/451\/revisions\/1065"}],"wp:attachment":[{"href":"https:\/\/osservatorioastronomicosirio.it\/new\/wp-json\/wp\/v2\/media?parent=451"}],"curies":[{"name":"wp","href":"https:\/\/api.w.org\/{rel}","templated":true}]}}